{"id":10144,"date":"2024-02-12T12:54:50","date_gmt":"2024-02-12T11:54:50","guid":{"rendered":"https:\/\/dekada-inflatables.com\/proizvod\/grijac-za-susenje-napuhanaca\/"},"modified":"2024-04-06T13:05:12","modified_gmt":"2024-04-06T11:05:12","slug":"huawei-air-heater","status":"publish","type":"product","link":"https:\/\/dekada-inflatables.com\/en\/product\/huawei-air-heater\/","title":{"rendered":"Huawei Air Heater"},"content":{"rendered":"<p>Grija\u010d za su\u0161enje unutra\u0161njosti napuhanaca, 2500W, 220V\/50Hz<\/p>\n","protected":false},"excerpt":{"rendered":"<p>Extension for Huawei PICC air blowers<\/p>\n","protected":false},"featured_media":10145,"comment_status":"open","ping_status":"closed","template":"","meta":[],"product_cat":[1001],"product_tag":[],"acf":[],"_links":{"self":[{"href":"https:\/\/dekada-inflatables.com\/en\/wp-json\/wp\/v2\/product\/10144"}],"collection":[{"href":"https:\/\/dekada-inflatables.com\/en\/wp-json\/wp\/v2\/product"}],"about":[{"href":"https:\/\/dekada-inflatables.com\/en\/wp-json\/wp\/v2\/types\/product"}],"replies":[{"embeddable":true,"href":"https:\/\/dekada-inflatables.com\/en\/wp-json\/wp\/v2\/comments?post=10144"}],"wp:featuredmedia":[{"embeddable":true,"href":"https:\/\/dekada-inflatables.com\/en\/wp-json\/wp\/v2\/media\/10145"}],"wp:attachment":[{"href":"https:\/\/dekada-inflatables.com\/en\/wp-json\/wp\/v2\/media?parent=10144"}],"wp:term":[{"taxonomy":"product_cat","embeddable":true,"href":"https:\/\/dekada-inflatables.com\/en\/wp-json\/wp\/v2\/product_cat?post=10144"},{"taxonomy":"product_tag","embeddable":true,"href":"https:\/\/dekada-inflatables.com\/en\/wp-json\/wp\/v2\/product_tag?post=10144"}],"curies":[{"name":"wp","href":"https:\/\/api.w.org\/{rel}","templated":true}]}}